{"id":691,"date":"2023-01-23T19:37:30","date_gmt":"2023-01-23T19:37:30","guid":{"rendered":"http:\/\/wp.haarnet.de\/?page_id=691"},"modified":"2023-02-03T07:06:49","modified_gmt":"2023-02-03T07:06:49","slug":"alpecin-coffein-hair-booster","status":"publish","type":"page","link":"http:\/\/wp.haarnet.de\/?page_id=691","title":{"rendered":"<strong>Alpecin Coffein Hair Booster<\/strong>"},"content":{"rendered":"\n<p><strong>Alpecin Coffein Hair Booster<\/strong> 200 ml 9,50\u20ac (47,5\u20ac\/L) oder Probiergr\u00f6\u00dfe 75ml 3,50\u20ac (46,66\u20ac\/L)<br><strong>Anwendung<\/strong><br>Tonic 1x t\u00e4glich mit der Dosierspitze auf die Kopfhaut auftragen und einmassieren. Kurz trocknen lassen und wie gewohnt frisieren. Nicht aussp\u00fclen!<br>Der Hair Booster \u00fcberzeugt mit elegant-m\u00e4nnlichem Duft in einem stylischen &amp; modernen Design. Unmittelbar nach der Anwendung f\u00fchlt sich die Kopfhaut erfrischt und das Haar ist bereit zum Stylen. F\u00fcr f\u00fchlbar starkes und griffiges Haar.<br><strong>Besondere Wirkstoffe<\/strong><br><\/p>\n\n\n\n<ul class=\"wp-block-list\">\n<li><strong>Coffein<\/strong>&nbsp;aktiviert die Haarwurzeln, verl\u00e4ngert die Wachstumsphasen und verbessert das Haarwachstum.<\/li>\n\n\n\n<li><strong>Zink<\/strong>&nbsp;und&nbsp;<strong>Niacin&nbsp;<\/strong>sind wichtige Wachstumsfaktoren f\u00fcr gesunde Haarwurzeln.<\/li>\n<\/ul>\n\n\n\n<figure class=\"wp-block-image size-large is-resized\"><img loading=\"lazy\" decoding=\"async\" src=\"http:\/\/wp.haarnet.de\/wp-content\/uploads\/2023\/01\/alpecin-1024x723.jpg\" alt=\"\" class=\"wp-image-671\" width=\"256\" height=\"181\" srcset=\"http:\/\/wp.haarnet.de\/wp-content\/uploads\/2023\/01\/alpecin-1024x723.jpg 1024w, http:\/\/wp.haarnet.de\/wp-content\/uploads\/2023\/01\/alpecin-300x212.jpg 300w, http:\/\/wp.haarnet.de\/wp-content\/uploads\/2023\/01\/alpecin-768x542.jpg 768w, http:\/\/wp.haarnet.de\/wp-content\/uploads\/2023\/01\/alpecin-1536x1084.jpg 1536w, http:\/\/wp.haarnet.de\/wp-content\/uploads\/2023\/01\/alpecin-2048x1446.jpg 2048w\" sizes=\"auto, (max-width: 256px) 100vw, 256px\" \/><\/figure>\n\n\n\n<p>Was macht ein Haarwasser\/Hair-Tonic?<\/p>\n\n\n\n<p>Es dient in erster Linie zur Gesunderhaltung der Kopfhaut und des Haares. Hauptbestandteil ist Alkohol (meist Isopropanol), der durch die Verdunstungsk\u00e4lte erfrischend und k\u00fchlend wirkt, und damit die Durchblutung und den N\u00e4hrstofftransport in der Kopfhaut zur Haarwurzel anregt. Des weiteren wird der nach der Haarw\u00e4sche angegriffene S\u00e4ureschutzmantel der Kopfhaut wieder hergestellt. <br>Die mit dem Haarwasser verbundene Kopfmassage regt zus\u00e4tzlich die Durchblutung der Kopfhaut und N\u00e4hrstofftransport zu den Haarwurzeln \u00fcber die Kapillargef\u00e4\u00dfe an.<br>In Haarwassern befinden sich verschiedene Vitamine, Coffein und pflegende und Talkdr\u00fcsen regulierende Inhaltsstoffe.<\/p>\n\n\n\n<p>Weitere Haarwasser \/Hair-Tonics aus der Alpecin Serie:<\/p>\n\n\n\n<p><strong>Alpecin Coffein Liquid<\/strong> &#8211; st\u00e4rkt die Haarwurzel und beugt erblich bedingten Haarausfall vor. (200ml 7,-\u20ac \/ L 35,-\u20ac)<br><strong>Alpecin Hybrid Coffein Liquid<\/strong> &#8211; bei trockener juckender Kopfhaut, Entspannt die Kopfhaut und st\u00e4rkt die Haarwurzeln (200 ml 8,90 \/ L 44,50 \u20ac)<br><strong>Alpecin Forte<\/strong> &#8211; bei Schuppen, fettigem Haar und dadurch bedingtem Haarausfall (200 ml 6,50\u20ac \/L 32,50\u20ac)<\/p>\n","protected":false},"excerpt":{"rendered":"<p>Alpecin Coffein Hair Booster 200 ml 9,50\u20ac (47,5\u20ac\/L) oder Probiergr\u00f6\u00dfe 75ml 3,50\u20ac (46,66\u20ac\/L)AnwendungTonic 1x t\u00e4glich mit der Dosierspitze auf die<\/p>\n","protected":false},"author":1,"featured_media":0,"parent":662,"menu_order":4,"comment_status":"closed","ping_status":"closed","template":"","meta":{"footnotes":""},"class_list":["post-691","page","type-page","status-publish","hentry"],"_links":{"self":[{"href":"http:\/\/wp.haarnet.de\/index.php?rest_route=\/wp\/v2\/pages\/691","targetHints":{"allow":["GET"]}}],"collection":[{"href":"http:\/\/wp.haarnet.de\/index.php?rest_route=\/wp\/v2\/pages"}],"about":[{"href":"http:\/\/wp.haarnet.de\/index.php?rest_route=\/wp\/v2\/types\/page"}],"author":[{"embeddable":true,"href":"http:\/\/wp.haarnet.de\/index.php?rest_route=\/wp\/v2\/users\/1"}],"replies":[{"embeddable":true,"href":"http:\/\/wp.haarnet.de\/index.php?rest_route=%2Fwp%2Fv2%2Fcomments&post=691"}],"version-history":[{"count":3,"href":"http:\/\/wp.haarnet.de\/index.php?rest_route=\/wp\/v2\/pages\/691\/revisions"}],"predecessor-version":[{"id":747,"href":"http:\/\/wp.haarnet.de\/index.php?rest_route=\/wp\/v2\/pages\/691\/revisions\/747"}],"up":[{"embeddable":true,"href":"http:\/\/wp.haarnet.de\/index.php?rest_route=\/wp\/v2\/pages\/662"}],"wp:attachment":[{"href":"http:\/\/wp.haarnet.de\/index.php?rest_route=%2Fwp%2Fv2%2Fmedia&parent=691"}],"curies":[{"name":"wp","href":"https:\/\/api.w.org\/{rel}","templated":true}]}}