{"id":7,"date":"2019-03-29T20:42:21","date_gmt":"2019-03-29T20:42:21","guid":{"rendered":"http:\/\/wp.haarnet.de\/?page_id=7"},"modified":"2025-08-15T09:34:37","modified_gmt":"2025-08-15T09:34:37","slug":"anfahrt","status":"publish","type":"page","link":"http:\/\/wp.haarnet.de\/?page_id=7","title":{"rendered":"Anfahrt"},"content":{"rendered":"\n<p>Ich bin im Westen von DARMSTADT zu Hause &#8211; sozusagen der letzte Friseur vor der Autobahn. <br>Dicht am Westwald, nahe ESOC, Starkenburg-Kaserne und Hauptbahnhof.<\/p>\n\n\n\n<p> <strong>Mit \u00d6ffentlichen Verkehrsmitteln<\/strong>: HEAG&nbsp; Bus-Linie F\/U vom Hauptbahnhof, Luisenplatz, in Richtung Haasstra\u00dfe-Haltestelle Moldenhauerweg. An der Hausarztpraxis vorbei und die n\u00e4chste Stra\u00dfe links. <\/p>\n\n\n\n<p><strong>Individuelle Anfahrt:<\/strong>  Parkpl\u00e4tze sind vor dem Gesch\u00e4ft vorhanden.  <br>F\u00fcr Navigationsger\u00e4te: MOLDENHAUERWEG 1, 64293 DARMSTADT   <br>Von der Stadtmitte kommend:  Bismarckstra\u00dfe in Richtung Westen, \u00fcber die Bahnbr\u00fccke   am Wasserturm vorbei, Dornheimerweg, hinter der Fu\u00dfg\u00e4ngerampel die n\u00e4chste Stra\u00dfe links abbiegen. <br>Als Alternative bietet sich die Rheinstra\u00dfe an, am Querbahnsteig, Westseite, vorbei zum Dornheimerweg, und wie oben beschrieben weiterfahren. <br>Von der BAB kommend:  Ausfahrt DA-Stadtmitte, erste Abfahrt in Darmstadt, \u00fcber die Br\u00fccke, geradeaus \u00fcber die erste Kreuzung (Rechtskurve), nach der Ampel die n\u00e4chste Stra\u00dfe rechts.   <br>Aus dem Norden kommend:  Pallaswiesenstra\u00dfe in die Michaelisstra\u00dfe abbiegen, zweite Ampel links, erste Stra\u00dfe danach rechts.   <br>N 49\u00b0 52.539 E 008\u00b0 37.120 <\/p>\n","protected":false},"excerpt":{"rendered":"<p>Ich bin im Westen von DARMSTADT zu Hause &#8211; sozusagen der letzte Friseur vor der Autobahn. Dicht am Westwald, nahe<\/p>\n","protected":false},"author":1,"featured_media":0,"parent":0,"menu_order":0,"comment_status":"closed","ping_status":"closed","template":"","meta":{"footnotes":""},"class_list":["post-7","page","type-page","status-publish","hentry"],"_links":{"self":[{"href":"http:\/\/wp.haarnet.de\/index.php?rest_route=\/wp\/v2\/pages\/7","targetHints":{"allow":["GET"]}}],"collection":[{"href":"http:\/\/wp.haarnet.de\/index.php?rest_route=\/wp\/v2\/pages"}],"about":[{"href":"http:\/\/wp.haarnet.de\/index.php?rest_route=\/wp\/v2\/types\/page"}],"author":[{"embeddable":true,"href":"http:\/\/wp.haarnet.de\/index.php?rest_route=\/wp\/v2\/users\/1"}],"replies":[{"embeddable":true,"href":"http:\/\/wp.haarnet.de\/index.php?rest_route=%2Fwp%2Fv2%2Fcomments&post=7"}],"version-history":[{"count":7,"href":"http:\/\/wp.haarnet.de\/index.php?rest_route=\/wp\/v2\/pages\/7\/revisions"}],"predecessor-version":[{"id":1092,"href":"http:\/\/wp.haarnet.de\/index.php?rest_route=\/wp\/v2\/pages\/7\/revisions\/1092"}],"wp:attachment":[{"href":"http:\/\/wp.haarnet.de\/index.php?rest_route=%2Fwp%2Fv2%2Fmedia&parent=7"}],"curies":[{"name":"wp","href":"https:\/\/api.w.org\/{rel}","templated":true}]}}