{"id":727,"date":"2023-01-27T21:18:21","date_gmt":"2023-01-27T21:18:21","guid":{"rendered":"http:\/\/wp.haarnet.de\/?page_id=727"},"modified":"2023-01-28T06:35:24","modified_gmt":"2023-01-28T06:35:24","slug":"bartpflege","status":"publish","type":"page","link":"http:\/\/wp.haarnet.de\/?page_id=727","title":{"rendered":"Bartpflege"},"content":{"rendered":"\n<p>Wenn man(n) sich f\u00fcr einen Bart entscheidet, sollte man sich selbstverst\u00e4ndlich auch Gedanken um die n\u00f6tige Pflege seines Barts machen. Dazu geh\u00f6rt es, den Bart regelm\u00e4\u00dfig zu schneiden egal f\u00fcr welche Bartl\u00e4nge man sich entschieden hat, und die Konturen rasieren. Nat\u00fcrlich gibt es auch einige Pflegeprodukte ( Bart\u00f6l, Bartbalsam) und Werkzeuge (Bartkamm, Bartb\u00fcrste) f\u00fcr die t\u00e4gliche Pflege zu Hause.<\/p>\n\n\n\n<p><strong>Bart\u00f6l <\/strong>kann man t\u00e4glich in kleinen Mengen verwenden. Es h\u00e4lt den Bart gl\u00e4nzend und geschmeidig und versorgt die Gesichtshaut mit Feuchtigkeit und Pflegestoffen. Es beugt trockene und schuppige Haut und Bartflechte vor. Au\u00dferdem verleiht es ein wohlriechenden Duft. Unterst\u00fctzend kann man eine<strong> Bartb\u00fcrste<\/strong> zum gleichm\u00e4\u00dfigen verteilen des \u00d6ls verwenden.<\/p>\n\n\n\n<p>Beim <strong>Bartbalsam<\/strong> ist es \u00e4hnlich wie beim Bart\u00f6l, es pflegt t\u00e4glich den Bart und die Haut darunter. Es ist f\u00fcr alle Barttr\u00e4ger geeignet, und kann ebenso unterst\u00fctzend mit einer <strong>Bartb\u00fcrste<\/strong> eingearbeitet und verteilt werden. Im Gegensatz zum Bart\u00f6l zieht es nach geraumer Zeit vollst\u00e4ndig ein und gibt nicht ganz soviel Glanz.<\/p>\n\n\n\n<p>Bei einer <strong>Bartb\u00fcrste<\/strong> handelt es sich um eine ergonomisch geformte B\u00fcrste mit Naturborsten, die das Barthaar in die n\u00f6tige Form bringt und den Bart so stets gepflegt und aufger\u00e4umt erscheinen l\u00e4sst. Ebenso lassen sich diverse Pflegeprodukte damit gut und gleichm\u00e4\u00dfig auf Bart und die Haut darunter verteilen. Die B\u00fcrste befreit den Bart von Hautschuppen und sonstigen Partikeln.<\/p>\n\n\n<div class=\"wp-block-image\">\n<figure class=\"aligncenter size-large is-resized\"><img loading=\"lazy\" decoding=\"async\" src=\"http:\/\/wp.haarnet.de\/wp-content\/uploads\/2023\/01\/1674632956829-1-728x1024.jpg\" alt=\"\" class=\"wp-image-736\" width=\"182\" height=\"256\" srcset=\"http:\/\/wp.haarnet.de\/wp-content\/uploads\/2023\/01\/1674632956829-1-728x1024.jpg 728w, http:\/\/wp.haarnet.de\/wp-content\/uploads\/2023\/01\/1674632956829-1-213x300.jpg 213w, http:\/\/wp.haarnet.de\/wp-content\/uploads\/2023\/01\/1674632956829-1-768x1080.jpg 768w, http:\/\/wp.haarnet.de\/wp-content\/uploads\/2023\/01\/1674632956829-1-1092x1536.jpg 1092w, http:\/\/wp.haarnet.de\/wp-content\/uploads\/2023\/01\/1674632956829-1-1456x2048.jpg 1456w, http:\/\/wp.haarnet.de\/wp-content\/uploads\/2023\/01\/1674632956829-1.jpg 1466w\" sizes=\"auto, (max-width: 182px) 100vw, 182px\" \/><figcaption class=\"wp-element-caption\">Beard &amp; Tattoo Oil <br>von Woodys 30ml 10,-\u20ac (100ml 33,33\u20ac)<\/figcaption><\/figure>\n<\/div>\n\n<div class=\"wp-block-image\">\n<figure class=\"aligncenter size-large is-resized\"><img loading=\"lazy\" decoding=\"async\" src=\"http:\/\/wp.haarnet.de\/wp-content\/uploads\/2023\/01\/1674632956821-1-775x1024.jpg\" alt=\"\" class=\"wp-image-734\" width=\"194\" height=\"256\" srcset=\"http:\/\/wp.haarnet.de\/wp-content\/uploads\/2023\/01\/1674632956821-1-775x1024.jpg 775w, http:\/\/wp.haarnet.de\/wp-content\/uploads\/2023\/01\/1674632956821-1-227x300.jpg 227w, http:\/\/wp.haarnet.de\/wp-content\/uploads\/2023\/01\/1674632956821-1-768x1015.jpg 768w, http:\/\/wp.haarnet.de\/wp-content\/uploads\/2023\/01\/1674632956821-1-1163x1536.jpg 1163w, http:\/\/wp.haarnet.de\/wp-content\/uploads\/2023\/01\/1674632956821-1-1550x2048.jpg 1550w, http:\/\/wp.haarnet.de\/wp-content\/uploads\/2023\/01\/1674632956821-1.jpg 1918w\" sizes=\"auto, (max-width: 194px) 100vw, 194px\" \/><figcaption class=\"wp-element-caption\">Beard Oil Cemani 50ml 10,-\u20ac (100ml 20,-\u20ac)<\/figcaption><\/figure>\n<\/div>\n\n<div class=\"wp-block-image\">\n<figure class=\"aligncenter size-large is-resized\"><img loading=\"lazy\" decoding=\"async\" src=\"http:\/\/wp.haarnet.de\/wp-content\/uploads\/2023\/01\/1674632956813-1-1024x670.jpg\" alt=\"\" class=\"wp-image-733\" width=\"228\" height=\"150\" srcset=\"http:\/\/wp.haarnet.de\/wp-content\/uploads\/2023\/01\/1674632956813-1-1024x670.jpg 1024w, http:\/\/wp.haarnet.de\/wp-content\/uploads\/2023\/01\/1674632956813-1-300x196.jpg 300w, http:\/\/wp.haarnet.de\/wp-content\/uploads\/2023\/01\/1674632956813-1-768x502.jpg 768w, http:\/\/wp.haarnet.de\/wp-content\/uploads\/2023\/01\/1674632956813-1-1536x1005.jpg 1536w, http:\/\/wp.haarnet.de\/wp-content\/uploads\/2023\/01\/1674632956813-1-120x80.jpg 120w, http:\/\/wp.haarnet.de\/wp-content\/uploads\/2023\/01\/1674632956813-1.jpg 1943w\" sizes=\"auto, (max-width: 228px) 100vw, 228px\" \/><figcaption class=\"wp-element-caption\">Bartb\u00fcrste von Woodys 6,90 \u20ac<\/figcaption><\/figure>\n<\/div>\n\n<div class=\"wp-block-image\">\n<figure class=\"aligncenter size-large is-resized\"><img loading=\"lazy\" decoding=\"async\" src=\"http:\/\/wp.haarnet.de\/wp-content\/uploads\/2023\/01\/1674632956844-1-742x1024.jpg\" alt=\"\" class=\"wp-image-737\" width=\"186\" height=\"256\" srcset=\"http:\/\/wp.haarnet.de\/wp-content\/uploads\/2023\/01\/1674632956844-1-742x1024.jpg 742w, http:\/\/wp.haarnet.de\/wp-content\/uploads\/2023\/01\/1674632956844-1-217x300.jpg 217w, http:\/\/wp.haarnet.de\/wp-content\/uploads\/2023\/01\/1674632956844-1-768x1061.jpg 768w, http:\/\/wp.haarnet.de\/wp-content\/uploads\/2023\/01\/1674632956844-1-1112x1536.jpg 1112w, http:\/\/wp.haarnet.de\/wp-content\/uploads\/2023\/01\/1674632956844-1-1483x2048.jpg 1483w, http:\/\/wp.haarnet.de\/wp-content\/uploads\/2023\/01\/1674632956844-1.jpg 1641w\" sizes=\"auto, (max-width: 186px) 100vw, 186px\" \/><figcaption class=\"wp-element-caption\">Beard Balsam von Old London Knight 100ml 10,-\u20ac<\/figcaption><\/figure>\n<\/div>\n\n\n<p><\/p>\n\n\n\n<p><\/p>\n","protected":false},"excerpt":{"rendered":"<p>Wenn man(n) sich f\u00fcr einen Bart entscheidet, sollte man sich selbstverst\u00e4ndlich auch Gedanken um die n\u00f6tige Pflege seines Barts machen.<\/p>\n","protected":false},"author":1,"featured_media":0,"parent":662,"menu_order":0,"comment_status":"closed","ping_status":"closed","template":"","meta":{"footnotes":""},"class_list":["post-727","page","type-page","status-publish","hentry"],"_links":{"self":[{"href":"http:\/\/wp.haarnet.de\/index.php?rest_route=\/wp\/v2\/pages\/727","targetHints":{"allow":["GET"]}}],"collection":[{"href":"http:\/\/wp.haarnet.de\/index.php?rest_route=\/wp\/v2\/pages"}],"about":[{"href":"http:\/\/wp.haarnet.de\/index.php?rest_route=\/wp\/v2\/types\/page"}],"author":[{"embeddable":true,"href":"http:\/\/wp.haarnet.de\/index.php?rest_route=\/wp\/v2\/users\/1"}],"replies":[{"embeddable":true,"href":"http:\/\/wp.haarnet.de\/index.php?rest_route=%2Fwp%2Fv2%2Fcomments&post=727"}],"version-history":[{"count":2,"href":"http:\/\/wp.haarnet.de\/index.php?rest_route=\/wp\/v2\/pages\/727\/revisions"}],"predecessor-version":[{"id":743,"href":"http:\/\/wp.haarnet.de\/index.php?rest_route=\/wp\/v2\/pages\/727\/revisions\/743"}],"up":[{"embeddable":true,"href":"http:\/\/wp.haarnet.de\/index.php?rest_route=\/wp\/v2\/pages\/662"}],"wp:attachment":[{"href":"http:\/\/wp.haarnet.de\/index.php?rest_route=%2Fwp%2Fv2%2Fmedia&parent=727"}],"curies":[{"name":"wp","href":"https:\/\/api.w.org\/{rel}","templated":true}]}}